{"id":1114,"date":"2026-02-09T09:36:50","date_gmt":"2026-02-09T09:36:50","guid":{"rendered":"https:\/\/tactius.com\/marketinginmobiliario\/?post_type=product&#038;p=1114"},"modified":"2026-02-09T09:39:42","modified_gmt":"2026-02-09T09:39:42","slug":"precio-por-visita-experto","status":"publish","type":"product","link":"https:\/\/tactius.com\/marketinginmobiliario\/producto\/precio-por-visita-experto\/","title":{"rendered":"Precio por visita con un experto inmobiliario"},"content":{"rendered":"<p><b>Visita a \u00e9xito con experto inmobiliario:<\/b><\/p>\n<ul>\n<li class=\"elementor-repeater-item-9b376aa\">\n<div class=\"elementor-price-table__feature-inner\"><i class=\"far fa-check-circle\" aria-hidden=\"true\"><\/i> Prepago de la Visita a \u00e9xito<\/div>\n<\/li>\n<li class=\"elementor-repeater-item-d1f7167\">\n<div class=\"elementor-price-table__feature-inner\"><i class=\"far fa-check-circle\" aria-hidden=\"true\"><\/i> Experto inmobiliario con 5 a\u00f1os en captaci\u00f3n inmobiliaria<\/div>\n<\/li>\n<li class=\"elementor-repeater-item-807b173\">\n<div class=\"elementor-price-table__feature-inner\"><i class=\"far fa-check-circle\" aria-hidden=\"true\"><\/i> Determina la zona d\u00f3nde quieres captar inmuebles<\/div>\n<\/li>\n<li class=\"elementor-repeater-item-ed2c238\">\n<div class=\"elementor-price-table__feature-inner\"><i class=\"far fa-check-circle\" aria-hidden=\"true\"><\/i> Dile a Judith qu\u00e9 quieres que diga en la llamada<\/div>\n<\/li>\n<li class=\"elementor-repeater-item-5f15ec0\">\n<div class=\"elementor-price-table__feature-inner\"><i class=\"far fa-check-circle\" aria-hidden=\"true\"><\/i> Cuando Judith agende la visita, te enviaremos un email con todos los detalles<\/div>\n<\/li>\n<\/ul>\n<p>*Te aconsejamos que la zona de captaci\u00f3n sea lo m\u00e1s grande posible o Judith no tendr\u00e1 suficientes anuncios a los que llamar.<\/p>\n","protected":false},"excerpt":{"rendered":"<p><b>Visita a \u00e9xito con experto inmobiliario:<\/b><\/p>\n<ul>\n<li class=\"elementor-repeater-item-9b376aa\">\n<div class=\"elementor-price-table__feature-inner\"><i class=\"far fa-check-circle\" aria-hidden=\"true\"><\/i> Prepago de la Visita a \u00e9xito<\/div>\n<\/li>\n<li class=\"elementor-repeater-item-d1f7167\">\n<div class=\"elementor-price-table__feature-inner\"><i class=\"far fa-check-circle\" aria-hidden=\"true\"><\/i> Experto inmobiliario con 5 a\u00f1os en captaci\u00f3n inmobiliaria<\/div>\n<\/li>\n<li class=\"elementor-repeater-item-807b173\">\n<div class=\"elementor-price-table__feature-inner\"><i class=\"far fa-check-circle\" aria-hidden=\"true\"><\/i> Determina la zona d\u00f3nde quieres captar inmuebles<\/div>\n<\/li>\n<li class=\"elementor-repeater-item-ed2c238\">\n<div class=\"elementor-price-table__feature-inner\"><i class=\"far fa-check-circle\" aria-hidden=\"true\"><\/i> Dile a Judith qu\u00e9 quieres que diga en la llamada<\/div>\n<\/li>\n<li class=\"elementor-repeater-item-5f15ec0\">\n<div class=\"elementor-price-table__feature-inner\"><i class=\"far fa-check-circle\" aria-hidden=\"true\"><\/i> Cuando Judith agende la visita, te enviaremos un email con todos los detalles<\/div>\n<\/li>\n<\/ul>\n<p>*Te aconsejamos que la zona de captaci\u00f3n sea lo m\u00e1s grande posible o Judith no tendr\u00e1 suficientes anuncios a los que llamar.<\/p>\n","protected":false},"featured_media":391,"template":"","meta":[],"product_brand":[],"product_cat":[16],"product_tag":[17,18,20],"class_list":{"0":"post-1114","1":"product","2":"type-product","3":"status-publish","4":"has-post-thumbnail","6":"product_cat-marketing","7":"product_tag-api","8":"product_tag-captacion","9":"product_tag-inmuebles","10":"product-grid-view","12":"first","13":"instock","14":"virtual","15":"taxable","16":"purchasable","17":"product-type-simple"},"yoast_head":"<!-- This site is optimized with the Yoast SEO plugin v24.3 - https:\/\/yoast.com\/wordpress\/plugins\/seo\/ -->\n<title>Precio por visita con un experto inmobiliario - Tactius<\/title>\n<meta name=\"description\" content=\"Te agendamos visitas con propietarios de inmuebles. Contrata nuestro servicio de visita a \u00e9xito y empieza a captar m\u00e1s inmuebles.\" \/>\n<meta name=\"robots\" content=\"index, follow, max-snippet:-1, max-image-preview:large, max-video-preview:-1\" \/>\n<link rel=\"canonical\" href=\"https:\/\/tactius.com\/marketinginmobiliario\/producto\/precio-por-visita-experto\/\" \/>\n<meta property=\"og:locale\" content=\"es_ES\" \/>\n<meta property=\"og:type\" content=\"article\" \/>\n<meta property=\"og:title\" content=\"Precio por visita con un experto inmobiliario - Tactius\" \/>\n<meta property=\"og:description\" content=\"Te agendamos visitas con propietarios de inmuebles. Contrata nuestro servicio de visita a \u00e9xito y empieza a captar m\u00e1s inmuebles.\" \/>\n<meta property=\"og:url\" content=\"https:\/\/tactius.com\/marketinginmobiliario\/producto\/precio-por-visita-experto\/\" \/>\n<meta property=\"og:site_name\" content=\"Tactius\" \/>\n<meta property=\"article:modified_time\" content=\"2026-02-09T09:39:42+00:00\" \/>\n<meta property=\"og:image\" content=\"https:\/\/tactius.com\/marketinginmobiliario\/wp-content\/uploads\/2023\/02\/alfons-taekema-lvXeO04CxwQ-unsplash-scaled.jpg\" \/>\n\t<meta property=\"og:image:width\" content=\"1845\" \/>\n\t<meta property=\"og:image:height\" content=\"2560\" \/>\n\t<meta property=\"og:image:type\" content=\"image\/jpeg\" \/>\n<meta name=\"twitter:card\" content=\"summary_large_image\" \/>\n<meta name=\"twitter:label1\" content=\"Tiempo de lectura\" \/>\n\t<meta name=\"twitter:data1\" content=\"1 minuto\" \/>\n<script type=\"application\/ld+json\" class=\"yoast-schema-graph\">{\"@context\":\"https:\/\/schema.org\",\"@graph\":[{\"@type\":\"WebPage\",\"@id\":\"https:\/\/tactius.com\/marketinginmobiliario\/producto\/precio-por-visita-experto\/\",\"url\":\"https:\/\/tactius.com\/marketinginmobiliario\/producto\/precio-por-visita-experto\/\",\"name\":\"Precio por visita con un experto inmobiliario - Tactius\",\"isPartOf\":{\"@id\":\"https:\/\/tactius.com\/marketinginmobiliario\/#website\"},\"primaryImageOfPage\":{\"@id\":\"https:\/\/tactius.com\/marketinginmobiliario\/producto\/precio-por-visita-experto\/#primaryimage\"},\"image\":{\"@id\":\"https:\/\/tactius.com\/marketinginmobiliario\/producto\/precio-por-visita-experto\/#primaryimage\"},\"thumbnailUrl\":\"https:\/\/tactius.com\/marketinginmobiliario\/wp-content\/uploads\/2023\/02\/alfons-taekema-lvXeO04CxwQ-unsplash-scaled.jpg\",\"datePublished\":\"2026-02-09T09:36:50+00:00\",\"dateModified\":\"2026-02-09T09:39:42+00:00\",\"description\":\"Te agendamos visitas con propietarios de inmuebles. Contrata nuestro servicio de visita a \u00e9xito y empieza a captar m\u00e1s inmuebles.\",\"breadcrumb\":{\"@id\":\"https:\/\/tactius.com\/marketinginmobiliario\/producto\/precio-por-visita-experto\/#breadcrumb\"},\"inLanguage\":\"es\",\"potentialAction\":[{\"@type\":\"ReadAction\",\"target\":[\"https:\/\/tactius.com\/marketinginmobiliario\/producto\/precio-por-visita-experto\/\"]}]},{\"@type\":\"ImageObject\",\"inLanguage\":\"es\",\"@id\":\"https:\/\/tactius.com\/marketinginmobiliario\/producto\/precio-por-visita-experto\/#primaryimage\",\"url\":\"https:\/\/tactius.com\/marketinginmobiliario\/wp-content\/uploads\/2023\/02\/alfons-taekema-lvXeO04CxwQ-unsplash-scaled.jpg\",\"contentUrl\":\"https:\/\/tactius.com\/marketinginmobiliario\/wp-content\/uploads\/2023\/02\/alfons-taekema-lvXeO04CxwQ-unsplash-scaled.jpg\",\"width\":1845,\"height\":2560},{\"@type\":\"BreadcrumbList\",\"@id\":\"https:\/\/tactius.com\/marketinginmobiliario\/producto\/precio-por-visita-experto\/#breadcrumb\",\"itemListElement\":[{\"@type\":\"ListItem\",\"position\":1,\"name\":\"Portada\",\"item\":\"https:\/\/tactius.com\/marketinginmobiliario\/\"},{\"@type\":\"ListItem\",\"position\":2,\"name\":\"Productos\",\"item\":\"https:\/\/tactius.com\/marketinginmobiliario\/shop\/\"},{\"@type\":\"ListItem\",\"position\":3,\"name\":\"Precio por visita con un experto inmobiliario\"}]},{\"@type\":\"WebSite\",\"@id\":\"https:\/\/tactius.com\/marketinginmobiliario\/#website\",\"url\":\"https:\/\/tactius.com\/marketinginmobiliario\/\",\"name\":\"Tactius\",\"description\":\"Captaci\u00f3n inmobiliaria de inmuebles\",\"potentialAction\":[{\"@type\":\"SearchAction\",\"target\":{\"@type\":\"EntryPoint\",\"urlTemplate\":\"https:\/\/tactius.com\/marketinginmobiliario\/?s={search_term_string}\"},\"query-input\":{\"@type\":\"PropertyValueSpecification\",\"valueRequired\":true,\"valueName\":\"search_term_string\"}}],\"inLanguage\":\"es\"}]}<\/script>\n<!-- \/ Yoast SEO plugin. -->","yoast_head_json":{"title":"Precio por visita con un experto inmobiliario - Tactius","description":"Te agendamos visitas con propietarios de inmuebles. Contrata nuestro servicio de visita a \u00e9xito y empieza a captar m\u00e1s inmuebles.","robots":{"index":"index","follow":"follow","max-snippet":"max-snippet:-1","max-image-preview":"max-image-preview:large","max-video-preview":"max-video-preview:-1"},"canonical":"https:\/\/tactius.com\/marketinginmobiliario\/producto\/precio-por-visita-experto\/","og_locale":"es_ES","og_type":"article","og_title":"Precio por visita con un experto inmobiliario - Tactius","og_description":"Te agendamos visitas con propietarios de inmuebles. Contrata nuestro servicio de visita a \u00e9xito y empieza a captar m\u00e1s inmuebles.","og_url":"https:\/\/tactius.com\/marketinginmobiliario\/producto\/precio-por-visita-experto\/","og_site_name":"Tactius","article_modified_time":"2026-02-09T09:39:42+00:00","og_image":[{"width":1845,"height":2560,"url":"https:\/\/tactius.com\/marketinginmobiliario\/wp-content\/uploads\/2023\/02\/alfons-taekema-lvXeO04CxwQ-unsplash-scaled.jpg","type":"image\/jpeg"}],"twitter_card":"summary_large_image","twitter_misc":{"Tiempo de lectura":"1 minuto"},"schema":{"@context":"https:\/\/schema.org","@graph":[{"@type":"WebPage","@id":"https:\/\/tactius.com\/marketinginmobiliario\/producto\/precio-por-visita-experto\/","url":"https:\/\/tactius.com\/marketinginmobiliario\/producto\/precio-por-visita-experto\/","name":"Precio por visita con un experto inmobiliario - Tactius","isPartOf":{"@id":"https:\/\/tactius.com\/marketinginmobiliario\/#website"},"primaryImageOfPage":{"@id":"https:\/\/tactius.com\/marketinginmobiliario\/producto\/precio-por-visita-experto\/#primaryimage"},"image":{"@id":"https:\/\/tactius.com\/marketinginmobiliario\/producto\/precio-por-visita-experto\/#primaryimage"},"thumbnailUrl":"https:\/\/tactius.com\/marketinginmobiliario\/wp-content\/uploads\/2023\/02\/alfons-taekema-lvXeO04CxwQ-unsplash-scaled.jpg","datePublished":"2026-02-09T09:36:50+00:00","dateModified":"2026-02-09T09:39:42+00:00","description":"Te agendamos visitas con propietarios de inmuebles. Contrata nuestro servicio de visita a \u00e9xito y empieza a captar m\u00e1s inmuebles.","breadcrumb":{"@id":"https:\/\/tactius.com\/marketinginmobiliario\/producto\/precio-por-visita-experto\/#breadcrumb"},"inLanguage":"es","potentialAction":[{"@type":"ReadAction","target":["https:\/\/tactius.com\/marketinginmobiliario\/producto\/precio-por-visita-experto\/"]}]},{"@type":"ImageObject","inLanguage":"es","@id":"https:\/\/tactius.com\/marketinginmobiliario\/producto\/precio-por-visita-experto\/#primaryimage","url":"https:\/\/tactius.com\/marketinginmobiliario\/wp-content\/uploads\/2023\/02\/alfons-taekema-lvXeO04CxwQ-unsplash-scaled.jpg","contentUrl":"https:\/\/tactius.com\/marketinginmobiliario\/wp-content\/uploads\/2023\/02\/alfons-taekema-lvXeO04CxwQ-unsplash-scaled.jpg","width":1845,"height":2560},{"@type":"BreadcrumbList","@id":"https:\/\/tactius.com\/marketinginmobiliario\/producto\/precio-por-visita-experto\/#breadcrumb","itemListElement":[{"@type":"ListItem","position":1,"name":"Portada","item":"https:\/\/tactius.com\/marketinginmobiliario\/"},{"@type":"ListItem","position":2,"name":"Productos","item":"https:\/\/tactius.com\/marketinginmobiliario\/shop\/"},{"@type":"ListItem","position":3,"name":"Precio por visita con un experto inmobiliario"}]},{"@type":"WebSite","@id":"https:\/\/tactius.com\/marketinginmobiliario\/#website","url":"https:\/\/tactius.com\/marketinginmobiliario\/","name":"Tactius","description":"Captaci\u00f3n inmobiliaria de inmuebles","potentialAction":[{"@type":"SearchAction","target":{"@type":"EntryPoint","urlTemplate":"https:\/\/tactius.com\/marketinginmobiliario\/?s={search_term_string}"},"query-input":{"@type":"PropertyValueSpecification","valueRequired":true,"valueName":"search_term_string"}}],"inLanguage":"es"}]}},"_links":{"self":[{"href":"https:\/\/tactius.com\/marketinginmobiliario\/wp-json\/wp\/v2\/product\/1114","targetHints":{"allow":["GET"]}}],"collection":[{"href":"https:\/\/tactius.com\/marketinginmobiliario\/wp-json\/wp\/v2\/product"}],"about":[{"href":"https:\/\/tactius.com\/marketinginmobiliario\/wp-json\/wp\/v2\/types\/product"}],"version-history":[{"count":1,"href":"https:\/\/tactius.com\/marketinginmobiliario\/wp-json\/wp\/v2\/product\/1114\/revisions"}],"predecessor-version":[{"id":1115,"href":"https:\/\/tactius.com\/marketinginmobiliario\/wp-json\/wp\/v2\/product\/1114\/revisions\/1115"}],"wp:featuredmedia":[{"embeddable":true,"href":"https:\/\/tactius.com\/marketinginmobiliario\/wp-json\/wp\/v2\/media\/391"}],"wp:attachment":[{"href":"https:\/\/tactius.com\/marketinginmobiliario\/wp-json\/wp\/v2\/media?parent=1114"}],"wp:term":[{"taxonomy":"product_brand","embeddable":true,"href":"https:\/\/tactius.com\/marketinginmobiliario\/wp-json\/wp\/v2\/product_brand?post=1114"},{"taxonomy":"product_cat","embeddable":true,"href":"https:\/\/tactius.com\/marketinginmobiliario\/wp-json\/wp\/v2\/product_cat?post=1114"},{"taxonomy":"product_tag","embeddable":true,"href":"https:\/\/tactius.com\/marketinginmobiliario\/wp-json\/wp\/v2\/product_tag?post=1114"}],"curies":[{"name":"wp","href":"https:\/\/api.w.org\/{rel}","templated":true}]}}