{"id":1156,"date":"2026-03-04T16:58:39","date_gmt":"2026-03-04T16:58:39","guid":{"rendered":"https:\/\/tactius.com\/marketinginmobiliario\/?post_type=product&#038;p=1156"},"modified":"2026-03-04T17:04:50","modified_gmt":"2026-03-04T17:04:50","slug":"pack-5-visitas-ia","status":"publish","type":"product","link":"https:\/\/tactius.com\/marketinginmobiliario\/producto\/pack-5-visitas-ia\/","title":{"rendered":"Pack 5 Visitas IA"},"content":{"rendered":"<p><strong>Pack de 5 Visitas a \u00e9xito:<\/strong><\/p>\n<ul>\n<li>Agente IA<\/li>\n<li>Determina la zona d\u00f3nde quieres captar inmuebles<\/li>\n<li>Dile a Marta qu\u00e9 quieres que diga en la llamada<\/li>\n<li>Cuando Marta agende la visita, te enviaremos un email con todos los detalles.<\/li>\n<li>Nuestra agenta IA llamar\u00e1 hasta conseguir 5 visitas agendadas y notificadas a la agencia inmobiliaria. Una vez llegado al l\u00edmite de 5 visitas, el cliente deber\u00e1 contratar otro pack de 5 visitas con IA.<\/li>\n<\/ul>\n<p>&nbsp;<\/p>\n<p>*Te aconsejamos que la zona de captaci\u00f3n sea lo m\u00e1s grande posible o Marta no tendr\u00e1 suficientes anuncios a los que llamar.<\/p>\n","protected":false},"excerpt":{"rendered":"<p><strong>Pack de 5 Visitas a \u00e9xito:<\/strong><\/p>\n<ul>\n<li>Agente IA<\/li>\n<li>Determina la zona d\u00f3nde quieres captar inmuebles<\/li>\n<li>Dile a Marta qu\u00e9 quieres que diga en la llamada<\/li>\n<li>Cuando Marta agende la visita, te enviaremos un email con todos los detalles.<\/li>\n<li>Nuestra agenta IA llamar\u00e1 hasta conseguir 5 visitas agendadas y notificadas a la agencia inmobiliaria. Una vez llegado al l\u00edmite de 5 visitas, el cliente deber\u00e1 contratar otro pack de 5 visitas con IA.<\/li>\n<\/ul>\n<p>&nbsp;<\/p>\n<p>*Te aconsejamos que la zona de captaci\u00f3n sea lo m\u00e1s grande posible o Marta no tendr\u00e1 suficientes anuncios a los que llamar.<\/p>\n","protected":false},"featured_media":391,"template":"","meta":[],"product_brand":[],"product_cat":[16],"product_tag":[17,18,20],"class_list":{"0":"post-1156","1":"product","2":"type-product","3":"status-publish","4":"has-post-thumbnail","6":"product_cat-marketing","7":"product_tag-api","8":"product_tag-captacion","9":"product_tag-inmuebles","10":"product-grid-view","12":"first","13":"instock","14":"virtual","15":"taxable","16":"purchasable","17":"product-type-simple"},"yoast_head":"<!-- This site is optimized with the Yoast SEO plugin v24.3 - https:\/\/yoast.com\/wordpress\/plugins\/seo\/ -->\n<title>Pack 5 Visitas IA - Tactius<\/title>\n<meta name=\"description\" content=\"Te agendamos visitas con propietarios de inmuebles. Contrata nuestro servicio de visita a \u00e9xito y empieza a captar m\u00e1s inmuebles.\" \/>\n<meta name=\"robots\" content=\"index, follow, max-snippet:-1, max-image-preview:large, max-video-preview:-1\" \/>\n<link rel=\"canonical\" href=\"https:\/\/tactius.com\/marketinginmobiliario\/producto\/pack-5-visitas-ia\/\" \/>\n<meta property=\"og:locale\" content=\"es_ES\" \/>\n<meta property=\"og:type\" content=\"article\" \/>\n<meta property=\"og:title\" content=\"Pack 5 Visitas IA - Tactius\" \/>\n<meta property=\"og:description\" content=\"Te agendamos visitas con propietarios de inmuebles. Contrata nuestro servicio de visita a \u00e9xito y empieza a captar m\u00e1s inmuebles.\" \/>\n<meta property=\"og:url\" content=\"https:\/\/tactius.com\/marketinginmobiliario\/producto\/pack-5-visitas-ia\/\" \/>\n<meta property=\"og:site_name\" content=\"Tactius\" \/>\n<meta property=\"article:modified_time\" content=\"2026-03-04T17:04:50+00:00\" \/>\n<meta property=\"og:image\" content=\"https:\/\/tactius.com\/marketinginmobiliario\/wp-content\/uploads\/2023\/02\/alfons-taekema-lvXeO04CxwQ-unsplash-scaled.jpg\" \/>\n\t<meta property=\"og:image:width\" content=\"1845\" \/>\n\t<meta property=\"og:image:height\" content=\"2560\" \/>\n\t<meta property=\"og:image:type\" content=\"image\/jpeg\" \/>\n<meta name=\"twitter:card\" content=\"summary_large_image\" \/>\n<meta name=\"twitter:label1\" content=\"Tiempo de lectura\" \/>\n\t<meta name=\"twitter:data1\" content=\"1 minuto\" \/>\n<script type=\"application\/ld+json\" class=\"yoast-schema-graph\">{\"@context\":\"https:\/\/schema.org\",\"@graph\":[{\"@type\":\"WebPage\",\"@id\":\"https:\/\/tactius.com\/marketinginmobiliario\/producto\/pack-5-visitas-ia\/\",\"url\":\"https:\/\/tactius.com\/marketinginmobiliario\/producto\/pack-5-visitas-ia\/\",\"name\":\"Pack 5 Visitas IA - Tactius\",\"isPartOf\":{\"@id\":\"https:\/\/tactius.com\/marketinginmobiliario\/#website\"},\"primaryImageOfPage\":{\"@id\":\"https:\/\/tactius.com\/marketinginmobiliario\/producto\/pack-5-visitas-ia\/#primaryimage\"},\"image\":{\"@id\":\"https:\/\/tactius.com\/marketinginmobiliario\/producto\/pack-5-visitas-ia\/#primaryimage\"},\"thumbnailUrl\":\"https:\/\/tactius.com\/marketinginmobiliario\/wp-content\/uploads\/2023\/02\/alfons-taekema-lvXeO04CxwQ-unsplash-scaled.jpg\",\"datePublished\":\"2026-03-04T16:58:39+00:00\",\"dateModified\":\"2026-03-04T17:04:50+00:00\",\"description\":\"Te agendamos visitas con propietarios de inmuebles. Contrata nuestro servicio de visita a \u00e9xito y empieza a captar m\u00e1s inmuebles.\",\"breadcrumb\":{\"@id\":\"https:\/\/tactius.com\/marketinginmobiliario\/producto\/pack-5-visitas-ia\/#breadcrumb\"},\"inLanguage\":\"es\",\"potentialAction\":[{\"@type\":\"ReadAction\",\"target\":[\"https:\/\/tactius.com\/marketinginmobiliario\/producto\/pack-5-visitas-ia\/\"]}]},{\"@type\":\"ImageObject\",\"inLanguage\":\"es\",\"@id\":\"https:\/\/tactius.com\/marketinginmobiliario\/producto\/pack-5-visitas-ia\/#primaryimage\",\"url\":\"https:\/\/tactius.com\/marketinginmobiliario\/wp-content\/uploads\/2023\/02\/alfons-taekema-lvXeO04CxwQ-unsplash-scaled.jpg\",\"contentUrl\":\"https:\/\/tactius.com\/marketinginmobiliario\/wp-content\/uploads\/2023\/02\/alfons-taekema-lvXeO04CxwQ-unsplash-scaled.jpg\",\"width\":1845,\"height\":2560},{\"@type\":\"BreadcrumbList\",\"@id\":\"https:\/\/tactius.com\/marketinginmobiliario\/producto\/pack-5-visitas-ia\/#breadcrumb\",\"itemListElement\":[{\"@type\":\"ListItem\",\"position\":1,\"name\":\"Portada\",\"item\":\"https:\/\/tactius.com\/marketinginmobiliario\/\"},{\"@type\":\"ListItem\",\"position\":2,\"name\":\"Productos\",\"item\":\"https:\/\/tactius.com\/marketinginmobiliario\/shop\/\"},{\"@type\":\"ListItem\",\"position\":3,\"name\":\"Pack 5 Visitas IA\"}]},{\"@type\":\"WebSite\",\"@id\":\"https:\/\/tactius.com\/marketinginmobiliario\/#website\",\"url\":\"https:\/\/tactius.com\/marketinginmobiliario\/\",\"name\":\"Tactius\",\"description\":\"Captaci\u00f3n inmobiliaria de inmuebles\",\"potentialAction\":[{\"@type\":\"SearchAction\",\"target\":{\"@type\":\"EntryPoint\",\"urlTemplate\":\"https:\/\/tactius.com\/marketinginmobiliario\/?s={search_term_string}\"},\"query-input\":{\"@type\":\"PropertyValueSpecification\",\"valueRequired\":true,\"valueName\":\"search_term_string\"}}],\"inLanguage\":\"es\"}]}<\/script>\n<!-- \/ Yoast SEO plugin. -->","yoast_head_json":{"title":"Pack 5 Visitas IA - Tactius","description":"Te agendamos visitas con propietarios de inmuebles. Contrata nuestro servicio de visita a \u00e9xito y empieza a captar m\u00e1s inmuebles.","robots":{"index":"index","follow":"follow","max-snippet":"max-snippet:-1","max-image-preview":"max-image-preview:large","max-video-preview":"max-video-preview:-1"},"canonical":"https:\/\/tactius.com\/marketinginmobiliario\/producto\/pack-5-visitas-ia\/","og_locale":"es_ES","og_type":"article","og_title":"Pack 5 Visitas IA - Tactius","og_description":"Te agendamos visitas con propietarios de inmuebles. Contrata nuestro servicio de visita a \u00e9xito y empieza a captar m\u00e1s inmuebles.","og_url":"https:\/\/tactius.com\/marketinginmobiliario\/producto\/pack-5-visitas-ia\/","og_site_name":"Tactius","article_modified_time":"2026-03-04T17:04:50+00:00","og_image":[{"width":1845,"height":2560,"url":"https:\/\/tactius.com\/marketinginmobiliario\/wp-content\/uploads\/2023\/02\/alfons-taekema-lvXeO04CxwQ-unsplash-scaled.jpg","type":"image\/jpeg"}],"twitter_card":"summary_large_image","twitter_misc":{"Tiempo de lectura":"1 minuto"},"schema":{"@context":"https:\/\/schema.org","@graph":[{"@type":"WebPage","@id":"https:\/\/tactius.com\/marketinginmobiliario\/producto\/pack-5-visitas-ia\/","url":"https:\/\/tactius.com\/marketinginmobiliario\/producto\/pack-5-visitas-ia\/","name":"Pack 5 Visitas IA - Tactius","isPartOf":{"@id":"https:\/\/tactius.com\/marketinginmobiliario\/#website"},"primaryImageOfPage":{"@id":"https:\/\/tactius.com\/marketinginmobiliario\/producto\/pack-5-visitas-ia\/#primaryimage"},"image":{"@id":"https:\/\/tactius.com\/marketinginmobiliario\/producto\/pack-5-visitas-ia\/#primaryimage"},"thumbnailUrl":"https:\/\/tactius.com\/marketinginmobiliario\/wp-content\/uploads\/2023\/02\/alfons-taekema-lvXeO04CxwQ-unsplash-scaled.jpg","datePublished":"2026-03-04T16:58:39+00:00","dateModified":"2026-03-04T17:04:50+00:00","description":"Te agendamos visitas con propietarios de inmuebles. Contrata nuestro servicio de visita a \u00e9xito y empieza a captar m\u00e1s inmuebles.","breadcrumb":{"@id":"https:\/\/tactius.com\/marketinginmobiliario\/producto\/pack-5-visitas-ia\/#breadcrumb"},"inLanguage":"es","potentialAction":[{"@type":"ReadAction","target":["https:\/\/tactius.com\/marketinginmobiliario\/producto\/pack-5-visitas-ia\/"]}]},{"@type":"ImageObject","inLanguage":"es","@id":"https:\/\/tactius.com\/marketinginmobiliario\/producto\/pack-5-visitas-ia\/#primaryimage","url":"https:\/\/tactius.com\/marketinginmobiliario\/wp-content\/uploads\/2023\/02\/alfons-taekema-lvXeO04CxwQ-unsplash-scaled.jpg","contentUrl":"https:\/\/tactius.com\/marketinginmobiliario\/wp-content\/uploads\/2023\/02\/alfons-taekema-lvXeO04CxwQ-unsplash-scaled.jpg","width":1845,"height":2560},{"@type":"BreadcrumbList","@id":"https:\/\/tactius.com\/marketinginmobiliario\/producto\/pack-5-visitas-ia\/#breadcrumb","itemListElement":[{"@type":"ListItem","position":1,"name":"Portada","item":"https:\/\/tactius.com\/marketinginmobiliario\/"},{"@type":"ListItem","position":2,"name":"Productos","item":"https:\/\/tactius.com\/marketinginmobiliario\/shop\/"},{"@type":"ListItem","position":3,"name":"Pack 5 Visitas IA"}]},{"@type":"WebSite","@id":"https:\/\/tactius.com\/marketinginmobiliario\/#website","url":"https:\/\/tactius.com\/marketinginmobiliario\/","name":"Tactius","description":"Captaci\u00f3n inmobiliaria de inmuebles","potentialAction":[{"@type":"SearchAction","target":{"@type":"EntryPoint","urlTemplate":"https:\/\/tactius.com\/marketinginmobiliario\/?s={search_term_string}"},"query-input":{"@type":"PropertyValueSpecification","valueRequired":true,"valueName":"search_term_string"}}],"inLanguage":"es"}]}},"_links":{"self":[{"href":"https:\/\/tactius.com\/marketinginmobiliario\/wp-json\/wp\/v2\/product\/1156","targetHints":{"allow":["GET"]}}],"collection":[{"href":"https:\/\/tactius.com\/marketinginmobiliario\/wp-json\/wp\/v2\/product"}],"about":[{"href":"https:\/\/tactius.com\/marketinginmobiliario\/wp-json\/wp\/v2\/types\/product"}],"version-history":[{"count":1,"href":"https:\/\/tactius.com\/marketinginmobiliario\/wp-json\/wp\/v2\/product\/1156\/revisions"}],"predecessor-version":[{"id":1157,"href":"https:\/\/tactius.com\/marketinginmobiliario\/wp-json\/wp\/v2\/product\/1156\/revisions\/1157"}],"wp:featuredmedia":[{"embeddable":true,"href":"https:\/\/tactius.com\/marketinginmobiliario\/wp-json\/wp\/v2\/media\/391"}],"wp:attachment":[{"href":"https:\/\/tactius.com\/marketinginmobiliario\/wp-json\/wp\/v2\/media?parent=1156"}],"wp:term":[{"taxonomy":"product_brand","embeddable":true,"href":"https:\/\/tactius.com\/marketinginmobiliario\/wp-json\/wp\/v2\/product_brand?post=1156"},{"taxonomy":"product_cat","embeddable":true,"href":"https:\/\/tactius.com\/marketinginmobiliario\/wp-json\/wp\/v2\/product_cat?post=1156"},{"taxonomy":"product_tag","embeddable":true,"href":"https:\/\/tactius.com\/marketinginmobiliario\/wp-json\/wp\/v2\/product_tag?post=1156"}],"curies":[{"name":"wp","href":"https:\/\/api.w.org\/{rel}","templated":true}]}}